{"id":2131,"date":"2018-06-02T19:27:16","date_gmt":"2018-06-02T19:27:16","guid":{"rendered":"http:\/\/www.trademetrics.info\/new\/?page_id=2131"},"modified":"2020-02-12T17:00:44","modified_gmt":"2020-02-12T17:00:44","slug":"publicaciones","status":"publish","type":"page","link":"https:\/\/emarketwine.webs.upv.es\/en\/publicaciones\/","title":{"rendered":"Publicaciones"},"content":{"rendered":"<p class=\"qtranxs-available-languages-message qtranxs-available-languages-message-en\">Sorry, this entry is only available in <a href=\"https:\/\/emarketwine.webs.upv.es\/es\/wp-json\/wp\/v2\/pages\/2131\" class=\"qtranxs-available-language-link qtranxs-available-language-link-es\" title=\"Espa\u00f1ol\">Espa\u00f1ol<\/a>. For the sake of viewer convenience, the content is shown below in the alternative language. You may click the link to switch the active language.<\/p><p><section class=\"kc-elm kc-css-26220 kc_row\"><div class=\"kc-row-container  kc-container\"><div class=\"kc-wrap-columns\"><div class=\"kc-elm kc-css-964056 kc_col-sm-12 kc_column kc_col-sm-12\"><div class=\"kc-col-container\"><div class=\"sabbi-book_timeline-segment kc-elm kc-css-540116\" style=\"background-image: url()\">\n                    <ul class=\"sabbi-book_timeline list-unstyled\"><li>\n                            <span class=\"year\">2018<\/span>\n                            <ul class=\"book-list list-unstyled\"><li>\n                                    <figure><\/figure>\n                                    <div class=\"book-list-meta\">\n                                        <h3 class=\"book-list-title\"><a href=\"#\" target=\"_blank\">Increase the Production of Poly-3-Hydroxybutyrate in Genetically Engineered Escherichia coli<\/a> <\/h3>\n                                        <div class=\"book-list-brand\"><em>Micro&amp;Macro Marketing (Special Issue \"Marketing in the Wine Business:Present Challenges and Future Developments\u201c)<\/em><\/div>\n                                        <p class=\"book-author\">de Luca, Pegan, Carlos Gonzalo<\/p>\n                                    <\/div>\n                                <\/li><li>\n                                    <figure><\/figure>\n                                    <div class=\"book-list-meta\">\n                                        <h3 class=\"book-list-title\"><a href=\"#\" target=\"_blank\">Increase the Production of Poly-3-Hydroxybutyrate in Genetically Engineered Escherichia coli<\/a> <\/h3>\n                                        <div class=\"book-list-brand\"><em>41 Congreso OIV (Punta del Este, Uruguay)<\/em><\/div>\n                                        <p class=\"book-author\">Ra\u00fal Comp\u00e9s, Cristina I. Font, Enrique Ordu\u00f1a<\/p>\n                                    <\/div>\n                                <\/li><li>\n                                    <figure><\/figure>\n                                    <div class=\"book-list-meta\">\n                                        <h3 class=\"book-list-title\"><a href=\"#\" target=\"_blank\">A Forward-Design Approach to Increase the Production of Poly-3-Hydroxybutyrate in Genetically<\/a> <\/h3>\n                                        <div class=\"book-list-brand\"><em>CARMA 2018, 2nd International Conference on Advanced Research Methods and Analytics<\/em><\/div>\n                                        <p class=\"book-author\">Ra\u00fal Comp\u00e9s, Cristina I. Font, Enrique Ordu\u00f1a<\/p>\n                                    <\/div>\n                                <\/li><li class=onexpan>\n                                    <figure><\/figure>\n                                    <div class=\"book-list-meta\">\n                                        <h3 class=\"book-list-title\"><a href=\"#\" target=\"_blank\">A Forward-Design Approach to Increase the Production of Poly-3-Hydroxybutyrate in Genetically<\/a> <\/h3>\n                                        <div class=\"book-list-brand\"><em>Workshop Iberoamericano de estudios m\u00e9tricos de la actividad cient\u00edfica orientada a temas locales\/regionales<\/em><\/div>\n                                        <p class=\"book-author\">Orduna-Malea, E.; Font-Juli\u00e1n, Cristina I.; Alonso-Arroyo, A<\/p>\n                                    <\/div>\n                                <\/li><\/ul><a href=\"#\" class=\"btn btn-unsolemn btn-expand\" data-text=\"Explorar m\u00e1s\">Explorar m\u00e1s<\/a><\/li><li>\n                            <span class=\"year\">2017<\/span>\n                            <ul class=\"book-list list-unstyled\"><li>\n                                    <figure><\/figure>\n                                    <div class=\"book-list-meta\">\n                                        <h3 class=\"book-list-title\"><a href=\"#\" target=\"_blank\">Increase the Production of Poly-3-Hydroxybutyrate in Genetically Engineered Escherichia coli<\/a> <\/h3>\n                                        <div class=\"book-list-brand\"><em>XV Congreso SIM-Societ\u00e0 Italiana di Marketing<\/em><\/div>\n                                        <p class=\"book-author\">de Luca, Pegan, Carlos Gonzalo<\/p>\n                                    <\/div>\n                                <\/li><li>\n                                    <figure><\/figure>\n                                    <div class=\"book-list-meta\">\n                                        <h3 class=\"book-list-title\"><a href=\"#\" target=\"_blank\">A Forward-Design Approach to Increase the Production of Poly-3-Hydroxybutyrate in Genetically<\/a> <\/h3>\n                                        <div class=\"book-list-brand\"><em>CIMaR Conference. Consortium for International Marketing Research<\/em><\/div>\n                                        <p class=\"book-author\">de Luca, Pegan, Carlos Gonzalo<\/p>\n                                    <\/div>\n                                <\/li><li>\n                                    <figure><\/figure>\n                                    <div class=\"book-list-meta\">\n                                        <h3 class=\"book-list-title\"><a href=\"#\" target=\"_blank\">Increase the Production of Poly-3-Hydroxybutyrate in Genetically Engineered Escherichia coli<\/a> <\/h3>\n                                        <div class=\"book-list-brand\"><em>40 Congreso OIV (Sof\u00eda, Bulgaria)<\/em><\/div>\n                                        <p class=\"book-author\">Ra\u00fal Comp\u00e9s<\/p>\n                                    <\/div>\n                                <\/li><li class=onexpan>\n                                    <figure><\/figure>\n                                    <div class=\"book-list-meta\">\n                                        <h3 class=\"book-list-title\"><a href=\"#\" target=\"_blank\">Increase the Production of Poly-3-Hydroxybutyrate in Genetically Engineered Escherichia coli<\/a> <\/h3>\n                                        <div class=\"book-list-brand\"><em><\/em><\/div>\n                                        <p class=\"book-author\">Orduna-Malea, E., Alonso-Arroyo, A. (2017)<\/p>\n                                    <\/div>\n                                <\/li><\/ul><a href=\"#\" class=\"btn btn-unsolemn btn-expand\" data-text=\"Explorar m\u00e1s\">Explorar m\u00e1s<\/a><\/li><\/ul>\n                <\/div><\/div><\/div><\/div><\/div><\/section><\/p>","protected":false},"excerpt":{"rendered":"","protected":false},"author":2,"featured_media":2283,"parent":0,"menu_order":0,"comment_status":"closed","ping_status":"closed","template":"","meta":{"footnotes":""},"class_list":["post-2131","page","type-page","status-publish","has-post-thumbnail","hentry"],"_links":{"self":[{"href":"https:\/\/emarketwine.webs.upv.es\/en\/wp-json\/wp\/v2\/pages\/2131","targetHints":{"allow":["GET"]}}],"collection":[{"href":"https:\/\/emarketwine.webs.upv.es\/en\/wp-json\/wp\/v2\/pages"}],"about":[{"href":"https:\/\/emarketwine.webs.upv.es\/en\/wp-json\/wp\/v2\/types\/page"}],"author":[{"embeddable":true,"href":"https:\/\/emarketwine.webs.upv.es\/en\/wp-json\/wp\/v2\/users\/2"}],"replies":[{"embeddable":true,"href":"https:\/\/emarketwine.webs.upv.es\/en\/wp-json\/wp\/v2\/comments?post=2131"}],"version-history":[{"count":5,"href":"https:\/\/emarketwine.webs.upv.es\/en\/wp-json\/wp\/v2\/pages\/2131\/revisions"}],"predecessor-version":[{"id":2315,"href":"https:\/\/emarketwine.webs.upv.es\/en\/wp-json\/wp\/v2\/pages\/2131\/revisions\/2315"}],"wp:featuredmedia":[{"embeddable":true,"href":"https:\/\/emarketwine.webs.upv.es\/en\/wp-json\/wp\/v2\/media\/2283"}],"wp:attachment":[{"href":"https:\/\/emarketwine.webs.upv.es\/en\/wp-json\/wp\/v2\/media?parent=2131"}],"curies":[{"name":"wp","href":"https:\/\/api.w.org\/{rel}","templated":true}]}}